{"id":87633,"date":"2025-05-12T13:38:48","date_gmt":"2025-05-12T13:38:48","guid":{"rendered":"https:\/\/mcunha.eu\/?page_id=87633"},"modified":"2026-01-20T17:17:26","modified_gmt":"2026-01-20T17:17:26","slug":"douro-nobilis-ii","status":"publish","type":"page","link":"https:\/\/mcunha.eu\/pt_PT\/douro-nobilis-ii\/","title":{"rendered":"Douro Nobilis II"},"content":{"rendered":"<div data-elementor-type=\"wp-page\" data-elementor-id=\"87633\" class=\"elementor elementor-87633\" data-elementor-post-type=\"page\">\n\t\t\t\t<div class=\"elementor-element elementor-element-709238e e-flex e-con-boxed e-con e-parent\" data-id=\"709238e\" data-element_type=\"container\" data-e-type=\"container\">\n\t\t\t\t\t<div class=\"e-con-inner\">\n\t\t\t\t<div class=\"elementor-element elementor-element-512f166 elementor-widget elementor-widget-qi_addons_for_elementor_animated_text\" data-id=\"512f166\" data-element_type=\"widget\" data-e-type=\"widget\" data-widget_type=\"qi_addons_for_elementor_animated_text.default\">\n\t\t\t\t<div class=\"elementor-widget-container\">\n\t\t\t\t\t<div class=\"qodef-shortcode qodef-m qodef-qi-animated-text qodef--alignment-left qodef-qi--has-appear qodef--appear-from-bottom\" >\n\t\t<h2 class=\"qodef-m-title\">\n\t\tDouro Nobilis II\t<\/h2>\n<\/div>\n\t\t\t\t<\/div>\n\t\t\t\t<\/div>\n\t\t\t\t\t<\/div>\n\t\t\t\t<\/div>\n\t\t<div class=\"elementor-element elementor-element-c26c89c e-con-full e-flex e-con e-parent\" data-id=\"c26c89c\" data-element_type=\"container\" data-e-type=\"container\">\n\t\t\t\t<div class=\"elementor-element elementor-element-70ec82f elementor-widget elementor-widget-qi_addons_for_elementor_image_slider\" data-id=\"70ec82f\" data-element_type=\"widget\" data-e-type=\"widget\" data-widget_type=\"qi_addons_for_elementor_image_slider.default\">\n\t\t\t\t<div class=\"elementor-widget-container\">\n\t\t\t\t\t<div class=\"qodef-shortcode qodef-m qodef-qi-image-slider qodef-qi-fslightbox-popup qodef-popup-gallery qodef-col-num--1 qodef-qi-grid qodef-qi-swiper-container qodef-navigation--inside qodef-pagination--inside qodef-navigation--hover-move\" data-options=\"{&quot;direction&quot;:&quot;horizontal&quot;,&quot;slidesPerView&quot;:&quot;1&quot;,&quot;spaceBetween&quot;:30,&quot;spaceBetweenTablet&quot;:30,&quot;spaceBetweenMobile&quot;:30,&quot;effect&quot;:&quot;slide&quot;,&quot;loop&quot;:true,&quot;autoplay&quot;:true,&quot;centeredSlides&quot;:true,&quot;speed&quot;:&quot;&quot;,&quot;speedAnimation&quot;:&quot;&quot;,&quot;outsideNavigation&quot;:&quot;no&quot;,&quot;outsidePagination&quot;:&quot;no&quot;,&quot;unique&quot;:418,&quot;partialValue&quot;:0.4,&quot;disablePartialValue&quot;:&quot;&quot;,&quot;parallax&quot;:&quot;no&quot;}\">\n\t<div class=\"swiper-wrapper\">\n\t\t<div class=\"qodef-e swiper-slide\">\n\t<div class=\"qodef-e-inner\">\n\t\t<div class=\"qodef-e-inner-holder\">\n\t\t\t\t\t\t\t<a class=\"qodef-popup-item\" itemprop=\"image\" href=\"https:\/\/mcunha.eu\/wp-content\/uploads\/2025\/05\/T4_Quarto2.png\" data-type=\"image\" data-fslightbox=\"gallery-418\" data-e-disable-page-transition=\"\u201dtrue\u201d\">\n\t\t\t\t\t\t\t<img fetchpriority=\"high\" decoding=\"async\" width=\"2560\" height=\"1440\" src=\"https:\/\/mcunha.eu\/wp-content\/uploads\/2025\/05\/T4_Quarto2.png\" class=\"attachment-full size-full\" alt=\"T4 Quarto2\" srcset=\"https:\/\/mcunha.eu\/wp-content\/uploads\/2025\/05\/T4_Quarto2.png 2560w, https:\/\/mcunha.eu\/wp-content\/uploads\/2025\/05\/T4_Quarto2-300x169.png 300w, https:\/\/mcunha.eu\/wp-content\/uploads\/2025\/05\/T4_Quarto2-1024x576.png 1024w, https:\/\/mcunha.eu\/wp-content\/uploads\/2025\/05\/T4_Quarto2-768x432.png 768w, https:\/\/mcunha.eu\/wp-content\/uploads\/2025\/05\/T4_Quarto2-1536x864.png 1536w, https:\/\/mcunha.eu\/wp-content\/uploads\/2025\/05\/T4_Quarto2-2048x1152.png 2048w, https:\/\/mcunha.eu\/wp-content\/uploads\/2025\/05\/T4_Quarto2-18x10.png 18w\" sizes=\"(max-width: 2560px) 100vw, 2560px\" \/>\t\t\t\t\t\t\t<\/a>\n\t\t\t\t\t<\/div>\n\t<\/div>\n\t<\/div>\n<div class=\"qodef-e swiper-slide\">\n\t<div class=\"qodef-e-inner\">\n\t\t<div class=\"qodef-e-inner-holder\">\n\t\t\t\t\t\t\t<a class=\"qodef-popup-item\" itemprop=\"image\" href=\"https:\/\/mcunha.eu\/wp-content\/uploads\/2025\/05\/T4_Quarto9-1.png\" data-type=\"image\" data-fslightbox=\"gallery-418\" data-e-disable-page-transition=\"\u201dtrue\u201d\">\n\t\t\t\t\t\t\t<img decoding=\"async\" width=\"2560\" height=\"1440\" src=\"https:\/\/mcunha.eu\/wp-content\/uploads\/2025\/05\/T4_Quarto9-1.png\" class=\"attachment-full size-full\" alt=\"T4 Quarto9 1\" srcset=\"https:\/\/mcunha.eu\/wp-content\/uploads\/2025\/05\/T4_Quarto9-1.png 2560w, https:\/\/mcunha.eu\/wp-content\/uploads\/2025\/05\/T4_Quarto9-1-300x169.png 300w, https:\/\/mcunha.eu\/wp-content\/uploads\/2025\/05\/T4_Quarto9-1-1024x576.png 1024w, https:\/\/mcunha.eu\/wp-content\/uploads\/2025\/05\/T4_Quarto9-1-768x432.png 768w, https:\/\/mcunha.eu\/wp-content\/uploads\/2025\/05\/T4_Quarto9-1-1536x864.png 1536w, https:\/\/mcunha.eu\/wp-content\/uploads\/2025\/05\/T4_Quarto9-1-2048x1152.png 2048w, https:\/\/mcunha.eu\/wp-content\/uploads\/2025\/05\/T4_Quarto9-1-18x10.png 18w\" sizes=\"(max-width: 2560px) 100vw, 2560px\" \/>\t\t\t\t\t\t\t<\/a>\n\t\t\t\t\t<\/div>\n\t<\/div>\n\t<\/div>\n<div class=\"qodef-e swiper-slide\">\n\t<div class=\"qodef-e-inner\">\n\t\t<div class=\"qodef-e-inner-holder\">\n\t\t\t\t\t\t\t<a class=\"qodef-popup-item\" itemprop=\"image\" href=\"https:\/\/mcunha.eu\/wp-content\/uploads\/2025\/05\/T4_Sala4-2.png\" data-type=\"image\" data-fslightbox=\"gallery-418\" data-e-disable-page-transition=\"\u201dtrue\u201d\">\n\t\t\t\t\t\t\t<img decoding=\"async\" width=\"2560\" height=\"1440\" src=\"https:\/\/mcunha.eu\/wp-content\/uploads\/2025\/05\/T4_Sala4-2.png\" class=\"attachment-full size-full\" alt=\"T4 Sala4 2\" srcset=\"https:\/\/mcunha.eu\/wp-content\/uploads\/2025\/05\/T4_Sala4-2.png 2560w, https:\/\/mcunha.eu\/wp-content\/uploads\/2025\/05\/T4_Sala4-2-300x169.png 300w, https:\/\/mcunha.eu\/wp-content\/uploads\/2025\/05\/T4_Sala4-2-1024x576.png 1024w, https:\/\/mcunha.eu\/wp-content\/uploads\/2025\/05\/T4_Sala4-2-768x432.png 768w, https:\/\/mcunha.eu\/wp-content\/uploads\/2025\/05\/T4_Sala4-2-1536x864.png 1536w, https:\/\/mcunha.eu\/wp-content\/uploads\/2025\/05\/T4_Sala4-2-2048x1152.png 2048w, https:\/\/mcunha.eu\/wp-content\/uploads\/2025\/05\/T4_Sala4-2-18x10.png 18w\" sizes=\"(max-width: 2560px) 100vw, 2560px\" \/>\t\t\t\t\t\t\t<\/a>\n\t\t\t\t\t<\/div>\n\t<\/div>\n\t<\/div>\n\t<\/div>\n\t\t<div class=\"swiper-button-prev\"><i aria-hidden=\"true\" class=\"feather feather-arrow-left\"><\/i><\/div>\n\t<div class=\"swiper-button-next\"><i aria-hidden=\"true\" class=\"feather feather-arrow-right\"><\/i><\/div>\n\t<div class=\"swiper-pagination\"><\/div>\n<\/div>\n\t\t\t\t<\/div>\n\t\t\t\t<\/div>\n\t\t\t\t<\/div>\n\t\t<div class=\"elementor-element elementor-element-9a77d88 e-flex e-con-boxed elementor-invisible e-con e-parent\" data-id=\"9a77d88\" data-element_type=\"container\" data-e-type=\"container\" data-settings=\"{&quot;animation&quot;:&quot;fadeInLeft&quot;}\">\n\t\t\t\t\t<div class=\"e-con-inner\">\n\t\t\t\t<div class=\"elementor-element elementor-element-44cada4 elementor-widget elementor-widget-heading\" data-id=\"44cada4\" data-element_type=\"widget\" data-e-type=\"widget\" data-widget_type=\"heading.default\">\n\t\t\t\t<div class=\"elementor-widget-container\">\n\t\t\t\t\t<h2 class=\"elementor-heading-title elementor-size-default\">Onde a cidade encontra o rio<\/h2>\t\t\t\t<\/div>\n\t\t\t\t<\/div>\n\t\t\t\t<div class=\"elementor-element elementor-element-4770c93 elementor-widget elementor-widget-text-editor\" data-id=\"4770c93\" data-element_type=\"widget\" data-e-type=\"widget\" data-widget_type=\"text-editor.default\">\n\t\t\t\t<div class=\"elementor-widget-container\">\n\t\t\t\t\t\t\t\t\t<p>Douro Nobilis II, the second phase of the iconic\u00a0<em>Douro Nobilis \u2013 River View<\/em>, adds even more value to a collection of developments that have already become landmarks in Vila Nova de Gaia.<\/p>\t\t\t\t\t\t\t\t<\/div>\n\t\t\t\t<\/div>\n\t\t\t\t\t<\/div>\n\t\t\t\t<\/div>\n\t\t<div class=\"elementor-element elementor-element-e996232 e-grid e-con-boxed e-con e-parent\" data-id=\"e996232\" data-element_type=\"container\" data-e-type=\"container\">\n\t\t\t\t\t<div class=\"e-con-inner\">\n\t\t<div class=\"elementor-element elementor-element-66a578d e-con-full e-flex elementor-invisible e-con e-child\" data-id=\"66a578d\" data-element_type=\"container\" data-e-type=\"container\" data-settings=\"{&quot;background_background&quot;:&quot;classic&quot;,&quot;animation&quot;:&quot;fadeInUp&quot;}\">\n\t\t\t\t<div class=\"elementor-element elementor-element-88fe365 elementor-widget elementor-widget-spacer\" data-id=\"88fe365\" data-element_type=\"widget\" data-e-type=\"widget\" data-widget_type=\"spacer.default\">\n\t\t\t\t<div class=\"elementor-widget-container\">\n\t\t\t\t\t\t\t<div class=\"elementor-spacer\">\n\t\t\t<div class=\"elementor-spacer-inner\"><\/div>\n\t\t<\/div>\n\t\t\t\t\t\t<\/div>\n\t\t\t\t<\/div>\n\t\t\t\t<div class=\"elementor-element elementor-element-c37f389 elementor-widget elementor-widget-heading\" data-id=\"c37f389\" data-element_type=\"widget\" data-e-type=\"widget\" data-widget_type=\"heading.default\">\n\t\t\t\t<div class=\"elementor-widget-container\">\n\t\t\t\t\t<h2 class=\"elementor-heading-title elementor-size-default\">Tipologia T0<\/h2>\t\t\t\t<\/div>\n\t\t\t\t<\/div>\n\t\t\t\t<\/div>\n\t\t<div class=\"elementor-element elementor-element-3ddf9a6 e-con-full e-flex elementor-invisible e-con e-child\" data-id=\"3ddf9a6\" data-element_type=\"container\" data-e-type=\"container\" data-settings=\"{&quot;background_background&quot;:&quot;classic&quot;,&quot;animation&quot;:&quot;fadeInUp&quot;,&quot;animation_delay&quot;:100}\">\n\t\t\t\t<div class=\"elementor-element elementor-element-65d5fee elementor-widget elementor-widget-spacer\" data-id=\"65d5fee\" data-element_type=\"widget\" data-e-type=\"widget\" data-widget_type=\"spacer.default\">\n\t\t\t\t<div class=\"elementor-widget-container\">\n\t\t\t\t\t\t\t<div class=\"elementor-spacer\">\n\t\t\t<div class=\"elementor-spacer-inner\"><\/div>\n\t\t<\/div>\n\t\t\t\t\t\t<\/div>\n\t\t\t\t<\/div>\n\t\t\t\t<div class=\"elementor-element elementor-element-289eefe elementor-widget elementor-widget-heading\" data-id=\"289eefe\" data-element_type=\"widget\" data-e-type=\"widget\" data-widget_type=\"heading.default\">\n\t\t\t\t<div class=\"elementor-widget-container\">\n\t\t\t\t\t<h2 class=\"elementor-heading-title elementor-size-default\">Tipologia T2<\/h2>\t\t\t\t<\/div>\n\t\t\t\t<\/div>\n\t\t\t\t<\/div>\n\t\t<div class=\"elementor-element elementor-element-4dacab1 e-con-full e-flex elementor-invisible e-con e-child\" data-id=\"4dacab1\" data-element_type=\"container\" data-e-type=\"container\" data-settings=\"{&quot;background_background&quot;:&quot;classic&quot;,&quot;animation&quot;:&quot;fadeInUp&quot;,&quot;animation_delay&quot;:200}\">\n\t\t\t\t<div class=\"elementor-element elementor-element-2b1c6eb elementor-widget elementor-widget-spacer\" data-id=\"2b1c6eb\" data-element_type=\"widget\" data-e-type=\"widget\" data-widget_type=\"spacer.default\">\n\t\t\t\t<div class=\"elementor-widget-container\">\n\t\t\t\t\t\t\t<div class=\"elementor-spacer\">\n\t\t\t<div class=\"elementor-spacer-inner\"><\/div>\n\t\t<\/div>\n\t\t\t\t\t\t<\/div>\n\t\t\t\t<\/div>\n\t\t\t\t<div class=\"elementor-element elementor-element-39f419d elementor-widget elementor-widget-heading\" data-id=\"39f419d\" data-element_type=\"widget\" data-e-type=\"widget\" data-widget_type=\"heading.default\">\n\t\t\t\t<div class=\"elementor-widget-container\">\n\t\t\t\t\t<h2 class=\"elementor-heading-title elementor-size-default\">Tipologia T3<\/h2>\t\t\t\t<\/div>\n\t\t\t\t<\/div>\n\t\t\t\t<\/div>\n\t\t<div class=\"elementor-element elementor-element-69a069c e-con-full e-flex elementor-invisible e-con e-child\" data-id=\"69a069c\" data-element_type=\"container\" data-e-type=\"container\" data-settings=\"{&quot;background_background&quot;:&quot;classic&quot;,&quot;animation&quot;:&quot;fadeInUp&quot;,&quot;animation_delay&quot;:200}\">\n\t\t\t\t<div class=\"elementor-element elementor-element-d643cb7 elementor-widget elementor-widget-spacer\" data-id=\"d643cb7\" data-element_type=\"widget\" data-e-type=\"widget\" data-widget_type=\"spacer.default\">\n\t\t\t\t<div class=\"elementor-widget-container\">\n\t\t\t\t\t\t\t<div class=\"elementor-spacer\">\n\t\t\t<div class=\"elementor-spacer-inner\"><\/div>\n\t\t<\/div>\n\t\t\t\t\t\t<\/div>\n\t\t\t\t<\/div>\n\t\t\t\t<div class=\"elementor-element elementor-element-023d32c elementor-widget elementor-widget-heading\" data-id=\"023d32c\" data-element_type=\"widget\" data-e-type=\"widget\" data-widget_type=\"heading.default\">\n\t\t\t\t<div class=\"elementor-widget-container\">\n\t\t\t\t\t<h2 class=\"elementor-heading-title elementor-size-default\">Tipologia T4<\/h2>\t\t\t\t<\/div>\n\t\t\t\t<\/div>\n\t\t\t\t<\/div>\n\t\t\t\t\t<\/div>\n\t\t\t\t<\/div>\n\t\t<div class=\"elementor-element elementor-element-574c241 e-grid e-con-boxed e-con e-parent\" data-id=\"574c241\" data-element_type=\"container\" data-e-type=\"container\">\n\t\t\t\t\t<div class=\"e-con-inner\">\n\t\t<div class=\"elementor-element elementor-element-e65a962 e-con-full e-flex elementor-invisible e-con e-child\" data-id=\"e65a962\" data-element_type=\"container\" data-e-type=\"container\" data-settings=\"{&quot;background_background&quot;:&quot;classic&quot;,&quot;animation&quot;:&quot;fadeInUp&quot;}\">\n\t\t\t\t<div class=\"elementor-element elementor-element-46096e4 elementor-view-default elementor-widget elementor-widget-icon\" data-id=\"46096e4\" data-element_type=\"widget\" data-e-type=\"widget\" data-widget_type=\"icon.default\">\n\t\t\t\t<div class=\"elementor-widget-container\">\n\t\t\t\t\t\t\t<div class=\"elementor-icon-wrapper\">\n\t\t\t<div class=\"elementor-icon\">\n\t\t\t<i aria-hidden=\"true\" class=\"xlwpf isaxbold-map-1\"><\/i>\t\t\t<\/div>\n\t\t<\/div>\n\t\t\t\t\t\t<\/div>\n\t\t\t\t<\/div>\n\t\t\t\t<div class=\"elementor-element elementor-element-6b407b3 elementor-widget elementor-widget-heading\" data-id=\"6b407b3\" data-element_type=\"widget\" data-e-type=\"widget\" data-widget_type=\"heading.default\">\n\t\t\t\t<div class=\"elementor-widget-container\">\n\t\t\t\t\t<h2 class=\"elementor-heading-title elementor-size-default\">Localiza\u00e7\u00e3o<\/h2>\t\t\t\t<\/div>\n\t\t\t\t<\/div>\n\t\t\t\t<div class=\"elementor-element elementor-element-65d0229 elementor-widget elementor-widget-text-editor\" data-id=\"65d0229\" data-element_type=\"widget\" data-e-type=\"widget\" data-widget_type=\"text-editor.default\">\n\t\t\t\t<div class=\"elementor-widget-container\">\n\t\t\t\t\t\t\t\t\tO Douro Nobilis II beneficia de uma localiza\u00e7\u00e3o privilegiada no novo centro de Vila Nova de Gaia, proporcionando acesso r\u00e1pido e f\u00e1cil aos principais pontos de interesse da regi\u00e3o. A apenas 1 minuto a p\u00e9 da nova esta\u00e7\u00e3o da linha de metro Rubi, este empreendimento garante uma liga\u00e7\u00e3o direta e conveniente ao Porto e aos seus arredores.\n\n\n\t\t\t\t\t\t\t\t<\/div>\n\t\t\t\t<\/div>\n\t\t\t\t<\/div>\n\t\t<div class=\"elementor-element elementor-element-d59a6db e-con-full e-flex elementor-invisible e-con e-child\" data-id=\"d59a6db\" data-element_type=\"container\" data-e-type=\"container\" data-settings=\"{&quot;background_background&quot;:&quot;classic&quot;,&quot;animation&quot;:&quot;fadeInUp&quot;,&quot;animation_delay&quot;:100}\">\n\t\t\t\t<div class=\"elementor-element elementor-element-10d3c54 elementor-view-default elementor-widget elementor-widget-icon\" data-id=\"10d3c54\" data-element_type=\"widget\" data-e-type=\"widget\" data-widget_type=\"icon.default\">\n\t\t\t\t<div class=\"elementor-widget-container\">\n\t\t\t\t\t\t\t<div class=\"elementor-icon-wrapper\">\n\t\t\t<div class=\"elementor-icon\">\n\t\t\t<i aria-hidden=\"true\" class=\"xlwpf isaxbold-routing\"><\/i>\t\t\t<\/div>\n\t\t<\/div>\n\t\t\t\t\t\t<\/div>\n\t\t\t\t<\/div>\n\t\t\t\t<div class=\"elementor-element elementor-element-da36063 elementor-widget elementor-widget-heading\" data-id=\"da36063\" data-element_type=\"widget\" data-e-type=\"widget\" data-widget_type=\"heading.default\">\n\t\t\t\t<div class=\"elementor-widget-container\">\n\t\t\t\t\t<h2 class=\"elementor-heading-title elementor-size-default\">Arredores<\/h2>\t\t\t\t<\/div>\n\t\t\t\t<\/div>\n\t\t\t\t<div class=\"elementor-element elementor-element-c92fb60 elementor-widget elementor-widget-text-editor\" data-id=\"c92fb60\" data-element_type=\"widget\" data-e-type=\"widget\" data-widget_type=\"text-editor.default\">\n\t\t\t\t<div class=\"elementor-widget-container\">\n\t\t\t\t\t\t\t\t\tEm apenas minutos, pode chegar a locais ic\u00f3nicos como a Ribeira de Gaia (a 3 minutos), a Ponte da Arr\u00e1bida e o World of Wine (a 5 minutos), as famosas Caves de Vinho do Porto (a 7 minutos) e a hist\u00f3rica Ponte D. Lu\u00eds I (a 6 minutos). Para quem procura o cora\u00e7\u00e3o do Porto, a Avenida dos Aliados est\u00e1 a apenas 12 minutos.\t\t\t\t\t\t\t\t<\/div>\n\t\t\t\t<\/div>\n\t\t\t\t<\/div>\n\t\t\t\t\t<\/div>\n\t\t\t\t<\/div>\n\t\t<div class=\"elementor-element elementor-element-4057a3d e-flex e-con-boxed elementor-invisible e-con e-parent\" data-id=\"4057a3d\" data-element_type=\"container\" data-e-type=\"container\" data-settings=\"{&quot;animation&quot;:&quot;fadeInLeft&quot;}\">\n\t\t\t\t\t<div class=\"e-con-inner\">\n\t\t\t\t<div class=\"elementor-element elementor-element-aff8427 elementor-widget elementor-widget-heading\" data-id=\"aff8427\" data-element_type=\"widget\" data-e-type=\"widget\" data-widget_type=\"heading.default\">\n\t\t\t\t<div class=\"elementor-widget-container\">\n\t\t\t\t\t<h2 class=\"elementor-heading-title elementor-size-default\">Fra\u00e7\u00f5es em Comercializa\u00e7\u00e3o<\/h2>\t\t\t\t<\/div>\n\t\t\t\t<\/div>\n\t\t\t\t<div class=\"elementor-element elementor-element-f2d9863 elementor-widget elementor-widget-html\" data-id=\"f2d9863\" data-element_type=\"widget\" data-e-type=\"widget\" data-widget_type=\"html.default\">\n\t\t\t\t<div class=\"elementor-widget-container\">\n\t\t\t\t\t<div class=\"tabela-scrollable\">\r\n  <table id=\"propertyTable\">\r\n    <thead>\r\n      <tr>\r\n        <th>Pisos \/ Floors<\/th>\r\n        <th>Tipologia \/ Typology \/ Fra\u00e7\u00e3o<\/th>\r\n        <th>Exposi\u00e7\u00e3o \/ Sun Exposition<\/th>\r\n        <th>AUP (m\u00b2)<\/th>\r\n        <th>Varanda (m\u00b2)<\/th>\r\n        <th>ABP (m\u00b2)<\/th>\r\n        <th>Lugares de Garagem \/ Parking space (Nr)<\/th>\r\n        <th>Pre\u00e7o \/ Price<\/th>\r\n      <\/tr>\r\n    <\/thead>\r\n    <tbody><\/tbody>\r\n  <\/table>\r\n<\/div>\r\n\r\n<script>\r\n  \/\/ S\u00f3 1 linha\r\n  const unidades = [\r\n    {\r\n      piso: \"Piso 5\",\r\n      fracao: \"T4 Duplex\",\r\n      exposicao: \"Nascente\",\r\n      aup: \"187,72\",\r\n      varanda: \"253,66\",\r\n      abp: \"441,38\",\r\n      garagem: \"3\",\r\n      preco: \"1 410 000,00 \u20ac\"\r\n    }\r\n  ];\r\n\r\n  const fallback = (v) =>\r\n    (v === undefined || v === null || String(v).trim() === \"\") ? \"---\" : v;\r\n\r\n  const tbody = document.querySelector(\"#propertyTable tbody\");\r\n  tbody.innerHTML = \"\";\r\n\r\n  tbody.insertAdjacentHTML(\r\n    \"beforeend\",\r\n    unidades.map(u => `\r\n      <tr>\r\n        <td>${fallback(u.piso)}<\/td>\r\n        <td>${fallback(u.fracao)}<\/td>\r\n        <td>${fallback(u.exposicao)}<\/td>\r\n        <td>${fallback(u.aup)}<\/td>\r\n        <td>${fallback(u.varanda)}<\/td>\r\n        <td>${fallback(u.abp)}<\/td>\r\n        <td>${fallback(u.garagem)}<\/td>\r\n        <td>${fallback(u.preco)}<\/td>\r\n      <\/tr>\r\n    `).join(\"\")\r\n  );\r\n<\/script>\r\n\t\t\t\t<\/div>\n\t\t\t\t<\/div>\n\t\t\t\t\t<\/div>\n\t\t\t\t<\/div>\n\t\t<div class=\"elementor-element elementor-element-88c0e70 e-flex e-con-boxed e-con e-parent\" data-id=\"88c0e70\" data-element_type=\"container\" data-e-type=\"container\" data-settings=\"{&quot;background_background&quot;:&quot;classic&quot;}\">\n\t\t\t\t\t<div class=\"e-con-inner\">\n\t\t<div class=\"elementor-element elementor-element-32fe53d e-con-full e-flex elementor-invisible e-con e-child\" data-id=\"32fe53d\" data-element_type=\"container\" data-e-type=\"container\" data-settings=\"{&quot;background_background&quot;:&quot;classic&quot;,&quot;animation&quot;:&quot;fadeInUp&quot;}\">\n\t\t\t\t<div class=\"elementor-element elementor-element-61ecbfb elementor-widget elementor-widget-heading\" data-id=\"61ecbfb\" data-element_type=\"widget\" data-e-type=\"widget\" data-widget_type=\"heading.default\">\n\t\t\t\t<div class=\"elementor-widget-container\">\n\t\t\t\t\t<h2 class=\"elementor-heading-title elementor-size-default\">Contacte para mais informa\u00e7\u00f5es<\/h2>\t\t\t\t<\/div>\n\t\t\t\t<\/div>\n\t\t\t\t<div class=\"elementor-element elementor-element-99b7d59 elementor-widget elementor-widget-text-editor\" data-id=\"99b7d59\" data-element_type=\"widget\" data-e-type=\"widget\" data-widget_type=\"text-editor.default\">\n\t\t\t\t<div class=\"elementor-widget-container\">\n\t\t\t\t\t\t\t\t\t<div class=\"col-lg-5 col-md-4\"><div class=\"for-more-info-text\">Complete the form to obtain Real Estate or Accommodation information.<\/div><\/div>\t\t\t\t\t\t\t\t<\/div>\n\t\t\t\t<\/div>\n\t\t\t\t<div class=\"elementor-element elementor-element-9cad20c elementor-button-align-start elementor-widget elementor-widget-form\" data-id=\"9cad20c\" data-element_type=\"widget\" data-e-type=\"widget\" data-settings=\"{&quot;step_next_label&quot;:&quot;Next&quot;,&quot;step_previous_label&quot;:&quot;Previous&quot;,&quot;button_width&quot;:&quot;100&quot;,&quot;step_type&quot;:&quot;number_text&quot;,&quot;step_icon_shape&quot;:&quot;circle&quot;}\" data-widget_type=\"form.default\">\n\t\t\t\t<div class=\"elementor-widget-container\">\n\t\t\t\t\t\t\t<form class=\"elementor-form\" method=\"post\" name=\"Form Douro Nobilis II\" aria-label=\"Form Douro Nobilis II\" action=\"\">\r\n\t\t\t<input type=\"hidden\" name=\"post_id\" value=\"87633\"\/>\r\n\t\t\t<input type=\"hidden\" name=\"form_id\" value=\"9cad20c\"\/>\r\n\t\t\t<input type=\"hidden\" name=\"referer_title\" value=\"Douro Nobilis II\" \/>\r\n\r\n\t\t\t\t\t\t\t<input type=\"hidden\" name=\"queried_id\" value=\"87633\"\/>\r\n\t\t\t\r\n\t\t\t<div class=\"elementor-form-fields-wrapper elementor-labels-above\">\r\n\t\t\t\t\t\t\t\t<div class=\"elementor-field-type-text elementor-field-group elementor-column elementor-field-group-name elementor-col-100 elementor-field-required\">\r\n\t\t\t\t\t\t\t\t\t\t\t\t<label for=\"form-field-name\" class=\"elementor-field-label\">\r\n\t\t\t\t\t\t\t\tNome\t\t\t\t\t\t\t<\/label>\r\n\t\t\t\t\t\t\t\t\t\t\t\t\t\t<input size=\"1\" type=\"text\" name=\"form_fields[name]\" id=\"form-field-name\" class=\"elementor-field elementor-size-md  elementor-field-textual\" placeholder=\"Nome\" required=\"required\">\r\n\t\t\t\t\t\t\t\t\t\t\t<\/div>\r\n\t\t\t\t\t\t\t\t<div class=\"elementor-field-type-email elementor-field-group elementor-column elementor-field-group-email elementor-col-100 elementor-field-required\">\r\n\t\t\t\t\t\t\t\t\t\t\t\t<label for=\"form-field-email\" class=\"elementor-field-label\">\r\n\t\t\t\t\t\t\t\tEmail\t\t\t\t\t\t\t<\/label>\r\n\t\t\t\t\t\t\t\t\t\t\t\t\t\t<input size=\"1\" type=\"email\" name=\"form_fields[email]\" id=\"form-field-email\" class=\"elementor-field elementor-size-md  elementor-field-textual\" placeholder=\"Email\" required=\"required\">\r\n\t\t\t\t\t\t\t\t\t\t\t<\/div>\r\n\t\t\t\t\t\t\t\t<div class=\"elementor-field-type-tel elementor-field-group elementor-column elementor-field-group-field_62e7541 elementor-col-100 elementor-field-required\">\r\n\t\t\t\t\t\t\t\t\t\t\t\t<label for=\"form-field-field_62e7541\" class=\"elementor-field-label\">\r\n\t\t\t\t\t\t\t\tContacto\t\t\t\t\t\t\t<\/label>\r\n\t\t\t\t\t\t\t\t<input size=\"1\" type=\"tel\" name=\"form_fields[field_62e7541]\" id=\"form-field-field_62e7541\" class=\"elementor-field elementor-size-md  elementor-field-textual\" placeholder=\"Contacto\" required=\"required\" pattern=\"[0-9()#&amp;+*-=.]+\" title=\"Only numbers and phone characters (#, -, *, etc) are accepted.\">\r\n\r\n\t\t\t\t\t\t<\/div>\r\n\t\t\t\t\t\t\t\t<div class=\"elementor-field-type-textarea elementor-field-group elementor-column elementor-field-group-message elementor-col-100\">\r\n\t\t\t\t\t\t\t\t\t\t\t\t<label for=\"form-field-message\" class=\"elementor-field-label\">\r\n\t\t\t\t\t\t\t\tMensagem\t\t\t\t\t\t\t<\/label>\r\n\t\t\t\t\t\t<textarea class=\"elementor-field-textual elementor-field  elementor-size-md\" name=\"form_fields[message]\" id=\"form-field-message\" rows=\"4\" placeholder=\"Mensagem\"><\/textarea>\t\t\t\t<\/div>\r\n\t\t\t\t\t\t\t\t<div class=\"elementor-field-group elementor-column elementor-field-type-submit elementor-col-100 e-form__buttons\">\r\n\t\t\t\t\t<button class=\"elementor-button elementor-size-sm\" type=\"submit\">\r\n\t\t\t\t\t\t<span class=\"elementor-button-content-wrapper\">\r\n\t\t\t\t\t\t\t\t\t\t\t\t\t\t\t\t\t\t\t\t\t\t<span class=\"elementor-button-text\">Send<\/span>\r\n\t\t\t\t\t\t\t\t\t\t\t\t\t<\/span>\r\n\t\t\t\t\t<\/button>\r\n\t\t\t\t<\/div>\r\n\t\t\t<\/div>\r\n\t\t<input\n                    class=\"apbct_special_field apbct_email_id__elementor_form\"\n                    name=\"apbct__email_id__elementor_form\"\n                    aria-label=\"apbct__label_id__elementor_form\"\n                    type=\"text\" size=\"30\" maxlength=\"200\" autocomplete=\"off\"\n                    value=\"\"\n                \/><input type=\"hidden\" name=\"trp-form-language\" value=\"pt_PT\"\/><\/form>\r\n\t\t\t\t\t\t<\/div>\n\t\t\t\t<\/div>\n\t\t\t\t<\/div>\n\t\t<div class=\"elementor-element elementor-element-69b2c8d e-con-full e-flex e-con e-child\" data-id=\"69b2c8d\" data-element_type=\"container\" data-e-type=\"container\">\n\t\t\t\t<\/div>\n\t\t\t\t\t<\/div>\n\t\t\t\t<\/div>\n\t\t\t\t<\/div>","protected":false},"excerpt":{"rendered":"<p>Douro Nobilis II Onde a cidade encontra o rio Douro Nobilis II, the second phase of the iconic\u00a0Douro Nobilis \u2013 River View, adds even more value to a collection of developments that have already become landmarks in Vila Nova de Gaia. Tipologia T0 Tipologia T2 Tipologia T3 Tipologia T4 Localiza\u00e7\u00e3o O Douro Nobilis II beneficia [&hellip;]<\/p>","protected":false},"author":4,"featured_media":0,"parent":0,"menu_order":0,"comment_status":"closed","ping_status":"closed","template":"elementor_header_footer","meta":{"_acf_changed":false,"footnotes":""},"class_list":["post-87633","page","type-page","status-publish","hentry"],"acf":[],"aioseo_notices":[],"_links":{"self":[{"href":"https:\/\/mcunha.eu\/pt_PT\/wp-json\/wp\/v2\/pages\/87633","targetHints":{"allow":["GET"]}}],"collection":[{"href":"https:\/\/mcunha.eu\/pt_PT\/wp-json\/wp\/v2\/pages"}],"about":[{"href":"https:\/\/mcunha.eu\/pt_PT\/wp-json\/wp\/v2\/types\/page"}],"author":[{"embeddable":true,"href":"https:\/\/mcunha.eu\/pt_PT\/wp-json\/wp\/v2\/users\/4"}],"replies":[{"embeddable":true,"href":"https:\/\/mcunha.eu\/pt_PT\/wp-json\/wp\/v2\/comments?post=87633"}],"version-history":[{"count":25,"href":"https:\/\/mcunha.eu\/pt_PT\/wp-json\/wp\/v2\/pages\/87633\/revisions"}],"predecessor-version":[{"id":88274,"href":"https:\/\/mcunha.eu\/pt_PT\/wp-json\/wp\/v2\/pages\/87633\/revisions\/88274"}],"wp:attachment":[{"href":"https:\/\/mcunha.eu\/pt_PT\/wp-json\/wp\/v2\/media?parent=87633"}],"curies":[{"name":"wp","href":"https:\/\/api.w.org\/{rel}","templated":true}]}}